{"id":2707,"date":"2022-06-29T12:15:30","date_gmt":"2022-06-29T12:15:30","guid":{"rendered":"https:\/\/irenegodel.ch\/cookie-richtlinie\/"},"modified":"2022-08-04T15:18:02","modified_gmt":"2022-08-04T15:18:02","slug":"cookie-richtlinie","status":"publish","type":"page","link":"https:\/\/irenegodel.ch\/fr\/cookie-richtlinie\/","title":{"rendered":"Politique de cookies"},"content":{"rendered":"<p>[et_pb_section fb_built=\u00a0\u00bb1&Prime; _builder_version=\u00a0\u00bb4.16&Prime; global_colors_info=\u00a0\u00bb{}\u00a0\u00bb][et_pb_row _builder_version=\u00a0\u00bb4.16&Prime; background_size=\u00a0\u00bbinitial\u00a0\u00bb background_position=\u00a0\u00bbtop_left\u00a0\u00bb background_repeat=\u00a0\u00bbrepeat\u00a0\u00bb global_colors_info=\u00a0\u00bb{}\u00a0\u00bb][et_pb_column type=\u00a0\u00bb4_4&Prime; _builder_version=\u00a0\u00bb4.16&Prime; custom_padding=\u00a0\u00bb|||\u00a0\u00bb global_colors_info=\u00a0\u00bb{}\u00a0\u00bb custom_padding__hover=\u00a0\u00bb|||\u00a0\u00bb][et_pb_text _builder_version=\u00a0\u00bb4.17.6&Prime; background_size=\u00a0\u00bbinitial\u00a0\u00bb background_position=\u00a0\u00bbtop_left\u00a0\u00bb background_repeat=\u00a0\u00bbrepeat\u00a0\u00bb hover_enabled=\u00a0\u00bb0&Prime; global_colors_info=\u00a0\u00bb{}\u00a0\u00bb sticky_enabled=\u00a0\u00bb0&Prime;]<\/p>\n<div class=\"cli_pg_page_contaner\">\n<h3>\u00c0 propos de la pr\u00e9sente politique en mati\u00e8re de cookies<\/h3>\n<div>Cette politique en mati\u00e8re de cookies explique ce que sont les cookies et comment nous les utilisons, les types de cookies que nous utilisons, c&rsquo;est-\u00e0-dire les informations que nous recueillons \u00e0 l&rsquo;aide des cookies et la mani\u00e8re dont ces informations sont utilis\u00e9es, et comment vous pouvez contr\u00f4ler les param\u00e8tres des cookies. Pour plus d&rsquo;informations sur la mani\u00e8re dont nous utilisons, stockons et prot\u00e9geons vos donn\u00e9es personnelles, veuillez consulter notre politique de confidentialit\u00e9.Vous pouvez modifier ou retirer votre consentement \u00e0 la d\u00e9claration relative aux cookies sur notre site web \u00e0 tout moment.Pour en savoir plus sur qui nous sommes, comment nous contacter et comment nous traitons les donn\u00e9es personnelles, veuillez consulter notre politique de confidentialit\u00e9.Votre consentement s&rsquo;applique aux domaines suivants :<\/div>\n<div><a href=\"https:\/\/irenegodel.ch\/\">irenegodel.ch<\/a><\/div>\n<h3><\/h3>\n<h3><\/h3>\n<h3>Que sont les cookies ?<\/h3>\n<div>Les cookies sont de petits fichiers texte qui sont utilis\u00e9s pour stocker de petites informations. Ils sont stock\u00e9s sur votre appareil lorsque le site web est charg\u00e9 dans votre navigateur. Ces cookies nous aident \u00e0 faire fonctionner le site correctement, \u00e0 le rendre plus s\u00fbr, \u00e0 offrir une meilleure exp\u00e9rience utilisateur et \u00e0 comprendre comment le site fonctionne et \u00e0 analyser ce qui fonctionne et les points \u00e0 am\u00e9liorer.<\/div>\n<h3><\/h3>\n<h3><\/h3>\n<h3>Comment utilisons-nous les cookies ?<\/h3>\n<div>Comme la plupart des services en ligne, notre site web utilise des cookies de premi\u00e8re et de troisi\u00e8me parties \u00e0 diff\u00e9rentes fins. Les cookies de premi\u00e8re partie sont g\u00e9n\u00e9ralement n\u00e9cessaires au bon fonctionnement du site et ne collectent aucune de vos donn\u00e9es personnelles.Les cookies de tierce partie utilis\u00e9s sur notre site servent principalement \u00e0 comprendre comment le site fonctionne, comment vous interagissez avec notre site, \u00e0 maintenir la s\u00e9curit\u00e9 de nos services, \u00e0 vous fournir des publicit\u00e9s pertinentes et \u00e0 vous offrir une exp\u00e9rience utilisateur globale meilleure et am\u00e9lior\u00e9e et \u00e0 aider \u00e0 acc\u00e9l\u00e9rer vos futures interactions avec notre site.<\/div>\n<h3><\/h3>\n<h3><\/h3>\n<h3>Quels types de cookies utilisons-nous ?<\/h3>\n<div><strong>Essentiels :<\/strong> certains cookies sont indispensables pour que vous puissiez utiliser toutes les fonctionnalit\u00e9s de notre site. Ils nous permettent de maintenir les sessions des utilisateurs et de pr\u00e9venir les menaces de s\u00e9curit\u00e9. Ils ne collectent ni ne stockent aucune information personnelle. Ces cookies vous permettent par exemple de vous connecter \u00e0 votre compte, d&rsquo;ajouter des produits \u00e0 votre panier et de passer \u00e0 la caisse en toute s\u00e9curit\u00e9.<br \/>Statistiques : ces cookies enregistrent des informations telles que le nombre de visiteurs du site, le nombre de visiteurs uniques, les pages du site qui ont \u00e9t\u00e9 visit\u00e9es, la source de la visite, etc. Ces donn\u00e9es nous aident \u00e0 comprendre et \u00e0 analyser le bon fonctionnement du site et les points \u00e0 am\u00e9liorer.<br \/><strong>Marketing :<\/strong> notre site web affiche des publicit\u00e9s. Ces cookies sont utilis\u00e9s pour personnaliser les publicit\u00e9s que nous vous pr\u00e9sentons de mani\u00e8re \u00e0 ce qu&rsquo;elles soient significatives pour vous. Ces cookies nous aident \u00e9galement \u00e0 suivre l&rsquo;efficacit\u00e9 de ces campagnes publicitaires. Les informations stock\u00e9es dans ces cookies peuvent \u00e9galement \u00eatre utilis\u00e9es par les fournisseurs de publicit\u00e9 tiers pour vous montrer \u00e9galement des publicit\u00e9s sur d&rsquo;autres sites web dans le navigateur.<br \/><strong>Fonctionnels :<\/strong> il s&rsquo;agit des cookies qui prennent en charge certaines fonctionnalit\u00e9s non essentielles sur notre site web. Ces fonctionnalit\u00e9s comprennent l&rsquo;int\u00e9gration de contenus tels que des vid\u00e9os ou le partage de contenus du site sur des plateformes de m\u00e9dias sociaux.<br \/><strong>Pr\u00e9f\u00e9rences :<\/strong> Ces cookies nous aident \u00e0 m\u00e9moriser vos pr\u00e9f\u00e9rences et vos pr\u00e9f\u00e9rences de navigation, telles que les pr\u00e9f\u00e9rences linguistiques, afin de vous offrir une exp\u00e9rience plus agr\u00e9able et plus efficace lors de vos prochaines visites sur le site.<\/div>\n<div><\/div>\n<div><\/div>\n<h3><\/h3>\n<h3><\/h3>\n<h3>Comment puis-je modifier les param\u00e8tres des cookies ?<\/h3>\n<div>Si vous modifiez vos pr\u00e9f\u00e9rences plus tard dans votre session de navigation, vous pouvez cliquer sur le bouton \u00ab\u00a0G\u00e9rer le consentement\u00a0\u00bb en bas \u00e0 droite de votre \u00e9cran. Cela affichera \u00e0 nouveau l&rsquo;avis de consentement, ce qui vous permettra de modifier vos pr\u00e9f\u00e9rences ou de retirer compl\u00e8tement votre consentement.En outre, diff\u00e9rents navigateurs proposent diff\u00e9rentes m\u00e9thodes pour bloquer et supprimer les cookies utilis\u00e9s par les sites web. Vous pouvez modifier les param\u00e8tres de votre navigateur pour bloquer\/supprimer les cookies. Pour en savoir plus sur la mani\u00e8re de g\u00e9rer et de supprimer les cookies, visitez le site<\/div>\n<div><a href=\"https:\/\/en.wikipedia.org\/wiki\/HTTP_cookie\" target=\"_blank\" rel=\"noopener\">wikipedia.org<\/a>, <a href=\"http:\/\/www.allaboutcookies.org\/\" target=\"_blank\" rel=\"noopener\">www.allaboutcookies.org<\/a>.<\/div>\n<\/div>\n<p>[\/et_pb_text][\/et_pb_column][\/et_pb_row][\/et_pb_section][et_pb_section fb_built=\u00a0\u00bb1&Prime; _builder_version=\u00a0\u00bb4.16&Prime; _module_preset=\u00a0\u00bbdefault\u00a0\u00bb background_color=\u00a0\u00bb#000000&Prime; global_colors_info=\u00a0\u00bb{}\u00a0\u00bb global_module=\u00a0\u00bb1017&Prime; theme_builder_area=\u00a0\u00bbpost_content\u00a0\u00bb][et_pb_row _builder_version=\u00a0\u00bb4.16&Prime; _module_preset=\u00a0\u00bbdefault\u00a0\u00bb global_colors_info=\u00a0\u00bb{}\u00a0\u00bb theme_builder_area=\u00a0\u00bbpost_content\u00a0\u00bb][et_pb_column type=\u00a0\u00bb4_4&Prime; _builder_version=\u00a0\u00bb4.16&Prime; _module_preset=\u00a0\u00bbdefault\u00a0\u00bb global_colors_info=\u00a0\u00bb{}\u00a0\u00bb theme_builder_area=\u00a0\u00bbpost_content\u00a0\u00bb][et_pb_text _builder_version=\u00a0\u00bb4.17.6&Prime; _module_preset=\u00a0\u00bbdefault\u00a0\u00bb text_text_color=\u00a0\u00bb#FFFFFF\u00a0\u00bb hover_enabled=\u00a0\u00bb0&Prime; text_font_size_tablet=\u00a0\u00bb\u00a0\u00bb text_font_size_phone=\u00a0\u00bb12px\u00a0\u00bb text_font_size_last_edited=\u00a0\u00bbon|phone\u00a0\u00bb global_colors_info=\u00a0\u00bb{}\u00a0\u00bb theme_builder_area=\u00a0\u00bbpost_content\u00a0\u00bb sticky_enabled=\u00a0\u00bb0&Prime;]<\/p>\n<p style=\"text-align: center;\"><span style=\"color: #ffffff;\"><a href=\"\/fr\/kontakt\/\" style=\"color: #ffffff;\">CONTACT<\/a><\/span><\/p>\n<p style=\"text-align: center;\"><span style=\"color: #ffffff;\"><a href=\"\/fr\/impressum\/\" style=\"color: #ffffff;\">IMPRESSUM<\/a>\u00a0 |\u00a0 <a href=\"\/fr\/datenschutz\" style=\"color: #ffffff;\">PROTECTION DES DONN\u00c9ES<\/a> \u00a0 |\u00a0 <a href=\"\/FR\/cookie-richtlinie\/\" style=\"color: #ffffff;\">POLITIQUE DE COOKIES<\/a><\/span><br \/><span style=\"color: #ffffff;\">\u00a9 Irene Godel\u00a0 |\u00a0 Made with<\/span> <span style=\"color: #ff0000;\">\u2665<\/span> <span style=\"color: #ffffff;\">by <a style=\"color: #ffffff;\" href=\"https:\/\/webelyne.ch\/\" target=\"_blank\" rel=\"noopener\">webelyne<\/a><\/span><\/p>\n<p>[\/et_pb_text][\/et_pb_column][\/et_pb_row][\/et_pb_section]<\/p>\n","protected":false},"excerpt":{"rendered":"<p>\u00c0 propos de la pr\u00e9sente politique en mati\u00e8re de cookies Cette politique en mati\u00e8re de cookies explique ce que sont les cookies et comment nous les utilisons, les types de cookies que nous utilisons, c&rsquo;est-\u00e0-dire les informations que nous recueillons \u00e0 l&rsquo;aide des cookies et la mani\u00e8re dont ces informations sont utilis\u00e9es, et comment vous [&hellip;]<\/p>\n","protected":false},"author":1,"featured_media":0,"parent":0,"menu_order":0,"comment_status":"closed","ping_status":"closed","template":"","meta":{"_et_pb_use_builder":"on","_et_pb_old_content":"<div class=\"cli_pg_page_contaner\">\n<h3>\u00dcber diese Cookie-Richtlinie<\/h3>\n<div>Diese Cookie-Richtlinie erkl\u00e4rt, was Cookies sind und wie wir sie verwenden, welche Arten von Cookies wir verwenden, d. h. die Informationen, die wir mithilfe von Cookies sammeln und wie diese Informationen verwendet werden, und wie Sie die Cookie-Einstellungen steuern k\u00f6nnen. Weitere Informationen dar\u00fcber, wie wir Ihre personenbezogenen Daten verwenden, speichern und sch\u00fctzen, finden Sie in unserer Datenschutzrichtlinie.Sie k\u00f6nnen Ihre Zustimmung zu der Cookie-Erkl\u00e4rung auf unserer Website jederzeit \u00e4ndern oder widerrufenErfahren Sie in unserer Datenschutzrichtlinie mehr dar\u00fcber, wer wir sind, wie Sie uns kontaktieren k\u00f6nnen und wie wir personenbezogene Daten verarbeiten.Ihre Einwilligung gilt f\u00fcr folgende Domains:: irenegodel.ch[user_consent_state]<\/div>\n<h3>Was sind Cookies ?<\/h3>\n<div>Cookies sind kleine Textdateien, die verwendet werden, um kleine Informationen zu speichern. Sie werden auf Ihrem Ger\u00e4t gespeichert, wenn die Website in Ihrem Browser geladen wird. Diese Cookies helfen uns, die Website ordnungsgem\u00e4\u00df funktionieren zu lassen, sie sicherer zu machen, eine bessere Benutzererfahrung zu bieten und zu verstehen, wie die Website funktioniert, und zu analysieren, was funktioniert und wo sie verbessert werden muss.<\/div>\n<h3>Wie verwenden wir Cookies ?<\/h3>\n<div>Wie die meisten Online-Dienste verwendet unsere Website f\u00fcr verschiedene Zwecke Erstanbieter- und Drittanbieter-Cookies. First-Party-Cookies sind meistens notwendig, damit die Website richtig funktioniert, und sie sammeln keine Ihrer personenbezogenen Daten.Die auf unserer Website verwendeten Cookies von Drittanbietern dienen haupts\u00e4chlich dazu, zu verstehen, wie die Website funktioniert, wie Sie mit unserer Website interagieren, unsere Dienste sicher zu halten, f\u00fcr Sie relevante Werbung bereitzustellen und Ihnen insgesamt einen besseren und verbesserten Benutzer zu bieten Erfahrung und helfen, Ihre zuk\u00fcnftigen Interaktionen mit unserer Website zu beschleunigen.<\/div>\n<h3>Welche Arten von Cookies nutzen wir ?<\/h3>\n<div>Essentiell: Einige Cookies sind unerl\u00e4sslich, damit Sie die volle Funktionalit\u00e4t unserer Website nutzen k\u00f6nnen. Sie erm\u00f6glichen es uns, Benutzersitzungen aufrechtzuerhalten und Sicherheitsbedrohungen zu verhindern. Sie sammeln oder speichern keine pers\u00f6nlichen Informationen. Diese Cookies erm\u00f6glichen es Ihnen beispielsweise, sich bei Ihrem Konto anzumelden, Produkte in Ihren Warenkorb zu legen und sicher zur Kasse zu gehen.Statistik: Diese Cookies speichern Informationen wie die Anzahl der Besucher der Website, die Anzahl der eindeutigen Besucher, welche Seiten der Website besucht wurden, die Quelle des Besuchs usw. Diese Daten helfen uns zu verstehen und zu analysieren, wie gut die Website funktioniert und wo sie verbessert werden muss.Marketing: Unsere Website zeigt Werbung an. Diese Cookies werden verwendet, um die Werbung, die wir Ihnen zeigen, so zu personalisieren, dass sie f\u00fcr Sie aussagekr\u00e4ftig ist. Diese Cookies helfen uns auch dabei, die Effizienz dieser Werbekampagnen zu verfolgen.Die in diesen Cookies gespeicherten Informationen k\u00f6nnen auch von den Drittanbietern von Anzeigen verwendet werden, um Ihnen auch Anzeigen auf anderen Websites im Browser anzuzeigen. p&gt;Funktional: Dies sind die Cookies, die bestimmte nicht wesentliche Funktionen auf unserer Website unterst\u00fctzen. Diese Funktionalit\u00e4ten umfassen das Einbetten von Inhalten wie Videos oder das Teilen von Inhalten der Website auf Social-Media-Plattformen.Pr\u00e4ferenzen: Diese Cookies helfen uns, Ihre Einstellungen und Browsing-Pr\u00e4ferenzen wie Sprachpr\u00e4ferenzen zu speichern, damit Sie bei zuk\u00fcnftigen Besuchen der Website ein besseres und effizienteres Erlebnis haben.The In der folgenden Liste sind die auf unserer Website verwendeten Cookies aufgef\u00fchrt.<\/div>\n<h3>Wie kann ich die Cookie-Einstellungen \u00e4ndern?<\/h3>\n<div>Sollten Sie Ihre Einstellungen sp\u00e4ter w\u00e4hrend Ihrer Browsersitzung \u00e4ndern, k\u00f6nnen Sie auf Ihrem Bildschirm unten rechts auf den Button \u201eEinwilligung verwalten\u201c klicken. Dadurch wird der Zustimmungshinweis erneut angezeigt, sodass Sie Ihre Einstellungen \u00e4ndern oder Ihre Zustimmung vollst\u00e4ndig widerrufen k\u00f6nnen.Dar\u00fcber hinaus bieten verschiedene Browser unterschiedliche Methoden zum Blockieren und L\u00f6schen von Cookies, die von Websites verwendet werden. Sie k\u00f6nnen die Einstellungen Ihres Browsers \u00e4ndern, um Cookies zu blockieren\/l\u00f6schen. Um mehr dar\u00fcber zu erfahren, wie Sie Cookies verwalten und l\u00f6schen k\u00f6nnen, besuchen Sie wikipedia.org, www.allaboutcookies.org.<\/div>\n<\/div>","_et_gb_content_width":"","footnotes":""},"class_list":["post-2707","page","type-page","status-publish","hentry"],"yoast_head":"<!-- This site is optimized with the Yoast SEO plugin v27.4 - https:\/\/yoast.com\/product\/yoast-seo-wordpress\/ -->\n<title>Politique de cookies - Irene Godel<\/title>\n<meta name=\"robots\" content=\"index, follow, max-snippet:-1, max-image-preview:large, max-video-preview:-1\" \/>\n<link rel=\"canonical\" href=\"https:\/\/irenegodel.ch\/fr\/cookie-richtlinie\/\" \/>\n<meta property=\"og:locale\" content=\"fr_FR\" \/>\n<meta property=\"og:type\" content=\"article\" \/>\n<meta property=\"og:title\" content=\"Politique de cookies - Irene Godel\" \/>\n<meta property=\"og:description\" content=\"\u00c0 propos de la pr\u00e9sente politique en mati\u00e8re de cookies Cette politique en mati\u00e8re de cookies explique ce que sont les cookies et comment nous les utilisons, les types de cookies que nous utilisons, c&#039;est-\u00e0-dire les informations que nous recueillons \u00e0 l&#039;aide des cookies et la mani\u00e8re dont ces informations sont utilis\u00e9es, et comment vous [&hellip;]\" \/>\n<meta property=\"og:url\" content=\"https:\/\/irenegodel.ch\/fr\/cookie-richtlinie\/\" \/>\n<meta property=\"og:site_name\" content=\"Irene Godel\" \/>\n<meta property=\"article:modified_time\" content=\"2022-08-04T15:18:02+00:00\" \/>\n<meta name=\"twitter:card\" content=\"summary_large_image\" \/>\n<meta name=\"twitter:site\" content=\"@GodelIrene\" \/>\n<meta name=\"twitter:label1\" content=\"Dur\u00e9e de lecture estim\u00e9e\" \/>\n\t<meta name=\"twitter:data1\" content=\"5 minutes\" \/>\n<script type=\"application\/ld+json\" class=\"yoast-schema-graph\">{\"@context\":\"https:\\\/\\\/schema.org\",\"@graph\":[{\"@type\":\"WebPage\",\"@id\":\"https:\\\/\\\/irenegodel.ch\\\/fr\\\/cookie-richtlinie\\\/\",\"url\":\"https:\\\/\\\/irenegodel.ch\\\/fr\\\/cookie-richtlinie\\\/\",\"name\":\"Politique de cookies - Irene Godel\",\"isPartOf\":{\"@id\":\"https:\\\/\\\/irenegodel.ch\\\/#website\"},\"datePublished\":\"2022-06-29T12:15:30+00:00\",\"dateModified\":\"2022-08-04T15:18:02+00:00\",\"breadcrumb\":{\"@id\":\"https:\\\/\\\/irenegodel.ch\\\/fr\\\/cookie-richtlinie\\\/#breadcrumb\"},\"inLanguage\":\"fr-FR\",\"potentialAction\":[{\"@type\":\"ReadAction\",\"target\":[\"https:\\\/\\\/irenegodel.ch\\\/fr\\\/cookie-richtlinie\\\/\"]}]},{\"@type\":\"BreadcrumbList\",\"@id\":\"https:\\\/\\\/irenegodel.ch\\\/fr\\\/cookie-richtlinie\\\/#breadcrumb\",\"itemListElement\":[{\"@type\":\"ListItem\",\"position\":1,\"name\":\"Startseite\",\"item\":\"https:\\\/\\\/irenegodel.ch\\\/fr\\\/\"},{\"@type\":\"ListItem\",\"position\":2,\"name\":\"Politique de cookies\"}]},{\"@type\":\"WebSite\",\"@id\":\"https:\\\/\\\/irenegodel.ch\\\/#website\",\"url\":\"https:\\\/\\\/irenegodel.ch\\\/\",\"name\":\"Irene Godel\",\"description\":\"Schauspielerin | Sprecherin\",\"publisher\":{\"@id\":\"https:\\\/\\\/irenegodel.ch\\\/#organization\"},\"potentialAction\":[{\"@type\":\"SearchAction\",\"target\":{\"@type\":\"EntryPoint\",\"urlTemplate\":\"https:\\\/\\\/irenegodel.ch\\\/?s={search_term_string}\"},\"query-input\":{\"@type\":\"PropertyValueSpecification\",\"valueRequired\":true,\"valueName\":\"search_term_string\"}}],\"inLanguage\":\"fr-FR\"},{\"@type\":\"Organization\",\"@id\":\"https:\\\/\\\/irenegodel.ch\\\/#organization\",\"name\":\"Irene Godel\",\"url\":\"https:\\\/\\\/irenegodel.ch\\\/\",\"logo\":{\"@type\":\"ImageObject\",\"inLanguage\":\"fr-FR\",\"@id\":\"https:\\\/\\\/irenegodel.ch\\\/#\\\/schema\\\/logo\\\/image\\\/\",\"url\":\"https:\\\/\\\/irenegodel.ch\\\/wp-content\\\/uploads\\\/2021\\\/08\\\/Logo-Irene-godel-klein.jpg\",\"contentUrl\":\"https:\\\/\\\/irenegodel.ch\\\/wp-content\\\/uploads\\\/2021\\\/08\\\/Logo-Irene-godel-klein.jpg\",\"width\":100,\"height\":62,\"caption\":\"Irene Godel\"},\"image\":{\"@id\":\"https:\\\/\\\/irenegodel.ch\\\/#\\\/schema\\\/logo\\\/image\\\/\"},\"sameAs\":[\"https:\\\/\\\/x.com\\\/GodelIrene\",\"https:\\\/\\\/instagram.com\\\/irenegodel\",\"https:\\\/\\\/www.linkedin.com\\\/in\\\/irene-godel-9512b716\\\/\"]}]}<\/script>\n<!-- \/ Yoast SEO plugin. -->","yoast_head_json":{"title":"Politique de cookies - Irene Godel","robots":{"index":"index","follow":"follow","max-snippet":"max-snippet:-1","max-image-preview":"max-image-preview:large","max-video-preview":"max-video-preview:-1"},"canonical":"https:\/\/irenegodel.ch\/fr\/cookie-richtlinie\/","og_locale":"fr_FR","og_type":"article","og_title":"Politique de cookies - Irene Godel","og_description":"\u00c0 propos de la pr\u00e9sente politique en mati\u00e8re de cookies Cette politique en mati\u00e8re de cookies explique ce que sont les cookies et comment nous les utilisons, les types de cookies que nous utilisons, c'est-\u00e0-dire les informations que nous recueillons \u00e0 l'aide des cookies et la mani\u00e8re dont ces informations sont utilis\u00e9es, et comment vous [&hellip;]","og_url":"https:\/\/irenegodel.ch\/fr\/cookie-richtlinie\/","og_site_name":"Irene Godel","article_modified_time":"2022-08-04T15:18:02+00:00","twitter_card":"summary_large_image","twitter_site":"@GodelIrene","twitter_misc":{"Dur\u00e9e de lecture estim\u00e9e":"5 minutes"},"schema":{"@context":"https:\/\/schema.org","@graph":[{"@type":"WebPage","@id":"https:\/\/irenegodel.ch\/fr\/cookie-richtlinie\/","url":"https:\/\/irenegodel.ch\/fr\/cookie-richtlinie\/","name":"Politique de cookies - Irene Godel","isPartOf":{"@id":"https:\/\/irenegodel.ch\/#website"},"datePublished":"2022-06-29T12:15:30+00:00","dateModified":"2022-08-04T15:18:02+00:00","breadcrumb":{"@id":"https:\/\/irenegodel.ch\/fr\/cookie-richtlinie\/#breadcrumb"},"inLanguage":"fr-FR","potentialAction":[{"@type":"ReadAction","target":["https:\/\/irenegodel.ch\/fr\/cookie-richtlinie\/"]}]},{"@type":"BreadcrumbList","@id":"https:\/\/irenegodel.ch\/fr\/cookie-richtlinie\/#breadcrumb","itemListElement":[{"@type":"ListItem","position":1,"name":"Startseite","item":"https:\/\/irenegodel.ch\/fr\/"},{"@type":"ListItem","position":2,"name":"Politique de cookies"}]},{"@type":"WebSite","@id":"https:\/\/irenegodel.ch\/#website","url":"https:\/\/irenegodel.ch\/","name":"Irene Godel","description":"Schauspielerin | Sprecherin","publisher":{"@id":"https:\/\/irenegodel.ch\/#organization"},"potentialAction":[{"@type":"SearchAction","target":{"@type":"EntryPoint","urlTemplate":"https:\/\/irenegodel.ch\/?s={search_term_string}"},"query-input":{"@type":"PropertyValueSpecification","valueRequired":true,"valueName":"search_term_string"}}],"inLanguage":"fr-FR"},{"@type":"Organization","@id":"https:\/\/irenegodel.ch\/#organization","name":"Irene Godel","url":"https:\/\/irenegodel.ch\/","logo":{"@type":"ImageObject","inLanguage":"fr-FR","@id":"https:\/\/irenegodel.ch\/#\/schema\/logo\/image\/","url":"https:\/\/irenegodel.ch\/wp-content\/uploads\/2021\/08\/Logo-Irene-godel-klein.jpg","contentUrl":"https:\/\/irenegodel.ch\/wp-content\/uploads\/2021\/08\/Logo-Irene-godel-klein.jpg","width":100,"height":62,"caption":"Irene Godel"},"image":{"@id":"https:\/\/irenegodel.ch\/#\/schema\/logo\/image\/"},"sameAs":["https:\/\/x.com\/GodelIrene","https:\/\/instagram.com\/irenegodel","https:\/\/www.linkedin.com\/in\/irene-godel-9512b716\/"]}]}},"_links":{"self":[{"href":"https:\/\/irenegodel.ch\/fr\/wp-json\/wp\/v2\/pages\/2707","targetHints":{"allow":["GET"]}}],"collection":[{"href":"https:\/\/irenegodel.ch\/fr\/wp-json\/wp\/v2\/pages"}],"about":[{"href":"https:\/\/irenegodel.ch\/fr\/wp-json\/wp\/v2\/types\/page"}],"author":[{"embeddable":true,"href":"https:\/\/irenegodel.ch\/fr\/wp-json\/wp\/v2\/users\/1"}],"replies":[{"embeddable":true,"href":"https:\/\/irenegodel.ch\/fr\/wp-json\/wp\/v2\/comments?post=2707"}],"version-history":[{"count":4,"href":"https:\/\/irenegodel.ch\/fr\/wp-json\/wp\/v2\/pages\/2707\/revisions"}],"predecessor-version":[{"id":2718,"href":"https:\/\/irenegodel.ch\/fr\/wp-json\/wp\/v2\/pages\/2707\/revisions\/2718"}],"wp:attachment":[{"href":"https:\/\/irenegodel.ch\/fr\/wp-json\/wp\/v2\/media?parent=2707"}],"curies":[{"name":"wp","href":"https:\/\/api.w.org\/{rel}","templated":true}]}}