{"id":2706,"date":"2022-06-29T12:15:30","date_gmt":"2022-06-29T12:15:30","guid":{"rendered":"https:\/\/irenegodel.ch\/cookie-richtlinie\/"},"modified":"2022-08-04T15:21:36","modified_gmt":"2022-08-04T15:21:36","slug":"cookie-richtlinie","status":"publish","type":"page","link":"https:\/\/irenegodel.ch\/en\/cookie-richtlinie\/","title":{"rendered":"Cookie Policy"},"content":{"rendered":"<p>[et_pb_section fb_built=&#8221;1&#8243; _builder_version=&#8221;4.16&#8243; global_colors_info=&#8221;{}&#8221;][et_pb_row _builder_version=&#8221;4.16&#8243; background_size=&#8221;initial&#8221; background_position=&#8221;top_left&#8221; background_repeat=&#8221;repeat&#8221; global_colors_info=&#8221;{}&#8221;][et_pb_column type=&#8221;4_4&#8243; _builder_version=&#8221;4.16&#8243; custom_padding=&#8221;|||&#8221; global_colors_info=&#8221;{}&#8221; custom_padding__hover=&#8221;|||&#8221;][et_pb_text _builder_version=&#8221;4.17.6&#8243; background_size=&#8221;initial&#8221; background_position=&#8221;top_left&#8221; background_repeat=&#8221;repeat&#8221; global_colors_info=&#8221;{}&#8221;]<\/p>\n<div class=\"cli_pg_page_contaner\">\n<h3>About this Cookie Policy<\/h3>\n<div>\n<p>This Cookie Policy explains what cookies are and how we use them, the types of cookies we use, i.e. the information we collect using cookies and how that information is used, and how you can control cookie settings. For more information about how we use, store and protect your personal data, please see our Privacy Policy.You can change or withdraw your consent to the cookie statement on our website at any timeRead more about who we are, how you can contact us and how we process personal data in our Privacy Policy.Your consent applies to the following domains:<br \/><a href=\"https:\/\/irenegodel.ch\/\">irenegodel.ch<\/a><\/p>\n<\/div>\n<h3><\/h3>\n<h3><\/h3>\n<h3>What are cookies ?<\/h3>\n<div>Cookies are small text files used to store small pieces of information. They are stored on your device when the website loads in your browser. These cookies help us to make the website work properly, to make it more secure, to provide a better user experience and to understand how the website works and to analyse what works and where it needs to be improved.<\/div>\n<h3><\/h3>\n<h3><\/h3>\n<h3>How do we use cookies ?<\/h3>\n<div>Like most online services, our website uses first-party and third-party cookies for various purposes. First-party cookies are mostly necessary for the website to function properly and they do not collect any of your personal data.Third-party cookies used on our website are mainly used to understand how the website works, how you interact with our website, to keep our services secure, to provide relevant advertising to you and overall to provide you with a better and improved user experience and help speed up your future interactions with our website.<\/div>\n<h3><\/h3>\n<h3><\/h3>\n<h3>What types of cookies do we use ?<\/h3>\n<div><strong>Essential:<\/strong> Some cookies are essential to enable you to use the full functionality of our website. They allow us to maintain user sessions and prevent security threats. They do not collect or store any personal information. For example, these cookies allow you to log in to your account, add products to your shopping cart and checkout securely.<br \/>Statistics: These cookies store information such as the number of visitors to the website, the number of unique visitors, which pages of the website were visited, the source of the visit, etc. This data helps us understand and analyse how well the website is performing and where it needs improvement.<\/div>\n<div><strong>Marketing:<\/strong> Our website displays advertisements. These cookies are used to personalise the advertising we show you so that it is meaningful to you. These cookies also help us to track the effectiveness of these advertising campaigns. The information stored in these cookies may also be used by the third party ad providers to also show you ads on other websites in your browser.<\/div>\n<div><strong>Functional:<\/strong> These are the cookies that support certain non-essential functionalities on our website. These functionalities include embedding content such as videos or sharing content from the website on social media platforms.<\/div>\n<div><strong>Preferences:<\/strong> These cookies help us to remember your settings and browsing preferences, such as language preferences, so that you have a better and more efficient experience on future visits to the website.<\/div>\n<div><\/div>\n<div><\/div>\n<h3><\/h3>\n<h3><\/h3>\n<h3>How can I change the cookie settings?<\/h3>\n<div>If you change your settings later during your browsing session, you can click the &#8220;Manage Consent&#8221; button at the bottom right of your screen. This will display the consent notice again, allowing you to change your settings or withdraw your consent completely.In addition, different browsers offer different methods for blocking and deleting cookies used by websites. You can change your browser settings to block\/delete cookies. To learn more about how to manage and delete cookies, visit<\/div>\n<div><a href=\"https:\/\/en.wikipedia.org\/wiki\/HTTP_cookie\" target=\"_blank\" rel=\"noopener\">wikipedia.org<\/a>, <a href=\"http:\/\/www.allaboutcookies.org\/\" target=\"_blank\" rel=\"noopener\">www.allaboutcookies.org<\/a>.<\/div>\n<\/div>\n<p>[\/et_pb_text][\/et_pb_column][\/et_pb_row][\/et_pb_section][et_pb_section fb_built=&#8221;1&#8243; _builder_version=&#8221;4.16&#8243; _module_preset=&#8221;default&#8221; background_color=&#8221;#000000&#8243; global_module=&#8221;1302&#8243; saved_tabs=&#8221;all&#8221; global_colors_info=&#8221;{}&#8221;][et_pb_row _builder_version=&#8221;4.16&#8243; _module_preset=&#8221;default&#8221; global_colors_info=&#8221;{}&#8221;][et_pb_column type=&#8221;4_4&#8243; _builder_version=&#8221;4.16&#8243; _module_preset=&#8221;default&#8221; global_colors_info=&#8221;{}&#8221;][et_pb_text content_tablet=&#8221;<\/p>\n<p style=%22text-align: center;%22><span style=%22color: #ffffff;%22><a href=%22\/en\/impressum%22 style=%22color: #ffffff;%22>IMPRINT <\/a> |  <a href=%22\/en\/datenschutz%22 style=%22color: #ffffff;%22>DATA PROTECTION<\/a>  |  <a href=%22\/en\/kontakt%22 style=%22color: #ffffff;%22>CONTACT<\/a><\/span><\/p>\n<p style=%22text-align: center;%22><span style=%22color: #ffffff;%22>\u00a9 Irene Godel  |  Made with<\/span> <span style=%22color: #ff0000;%22>\u2665<\/span> <span style=%22color: #ffffff;%22>by <a href=%22https:\/\/webelyne.ch\/%22 data-et-target-link=%22_blank%22 rel=%22noopener%22 style=%22color: #ffffff;%22>webelyne<\/a><\/span><\/p>\n<p>&#8221; content_phone=&#8221;<\/p>\n<p style=%22text-align: center;%22><span style=%22color: #ffffff;%22><a href=%22\/en\/impressum%22 style=%22color: #ffffff;%22>IMPRINT <\/a> |  <a href=%22\/en\/datenschutz%22 style=%22color: #ffffff;%22>DATA PROTECTION<\/a>  |  <a href=%22\/en\/kontakt%22 style=%22color: #ffffff;%22>CONTACT<\/a><\/span><\/p>\n<p style=%22text-align: center;%22><span style=%22color: #ffffff;%22>\u00a9 Irene Godel  |  Made with<\/span> <span style=%22color: #ff0000;%22>\u2665<\/span> <span style=%22color: #ffffff;%22>by <a href=%22https:\/\/webelyne.ch\/%22 data-et-target-link=%22_blank%22 rel=%22noopener%22 style=%22color: #ffffff;%22>webelyne<\/a><\/span><\/p>\n<p>&#8221; content_last_edited=&#8221;on|phone&#8221; _builder_version=&#8221;4.17.6&#8243; _module_preset=&#8221;default&#8221; text_text_color=&#8221;#FFFFFF&#8221; text_font_size_tablet=&#8221;&#8221; text_font_size_phone=&#8221;12px&#8221; text_font_size_last_edited=&#8221;on|phone&#8221; global_colors_info=&#8221;{}&#8221;]<\/p>\n<p style=\"text-align: center;\"><span style=\"color: #ffffff;\"><a href=\"\/en\/impressum\" style=\"color: #ffffff;\">IMPRINT\u00a0<\/a> |\u00a0 <a href=\"\/en\/datenschutz\" style=\"color: #ffffff;\">DATA PROTECTION<\/a>\u00a0 |\u00a0 <a href=\"\/en\/cookie-richtlinie\/\">COOKIE-POLICY<\/a>\u00a0 |\u00a0 <a href=\"\/en\/kontakt\" style=\"color: #ffffff;\">CONTACT<\/a><\/span><\/p>\n<p style=\"text-align: center;\"><span style=\"color: #ffffff;\">\u00a9 Irene Godel\u00a0 |\u00a0 Made with<\/span> <span style=\"color: #ff0000;\">\u2665<\/span> <span style=\"color: #ffffff;\">by <a href=\"https:\/\/webelyne.ch\/\" target=\"_blank\" rel=\"noopener\" style=\"color: #ffffff;\">webelyne<\/a><\/span><\/p>\n<p>[\/et_pb_text][\/et_pb_column][\/et_pb_row][\/et_pb_section]<\/p>\n","protected":false},"excerpt":{"rendered":"<p>About this Cookie Policy This Cookie Policy explains what cookies are and how we use them, the types of cookies we use, i.e. the information we collect using cookies and how that information is used, and how you can control cookie settings. For more information about how we use, store and protect your personal data, [&hellip;]<\/p>\n","protected":false},"author":1,"featured_media":0,"parent":0,"menu_order":0,"comment_status":"closed","ping_status":"closed","template":"","meta":{"_et_pb_use_builder":"on","_et_pb_old_content":"<div class=\"cli_pg_page_contaner\">\n<h3>\u00dcber diese Cookie-Richtlinie<\/h3>\n<div>Diese Cookie-Richtlinie erkl\u00e4rt, was Cookies sind und wie wir sie verwenden, welche Arten von Cookies wir verwenden, d. h. die Informationen, die wir mithilfe von Cookies sammeln und wie diese Informationen verwendet werden, und wie Sie die Cookie-Einstellungen steuern k\u00f6nnen. Weitere Informationen dar\u00fcber, wie wir Ihre personenbezogenen Daten verwenden, speichern und sch\u00fctzen, finden Sie in unserer Datenschutzrichtlinie.Sie k\u00f6nnen Ihre Zustimmung zu der Cookie-Erkl\u00e4rung auf unserer Website jederzeit \u00e4ndern oder widerrufenErfahren Sie in unserer Datenschutzrichtlinie mehr dar\u00fcber, wer wir sind, wie Sie uns kontaktieren k\u00f6nnen und wie wir personenbezogene Daten verarbeiten.Ihre Einwilligung gilt f\u00fcr folgende Domains:: irenegodel.ch[user_consent_state]<\/div>\n<h3>Was sind Cookies ?<\/h3>\n<div>Cookies sind kleine Textdateien, die verwendet werden, um kleine Informationen zu speichern. Sie werden auf Ihrem Ger\u00e4t gespeichert, wenn die Website in Ihrem Browser geladen wird. Diese Cookies helfen uns, die Website ordnungsgem\u00e4\u00df funktionieren zu lassen, sie sicherer zu machen, eine bessere Benutzererfahrung zu bieten und zu verstehen, wie die Website funktioniert, und zu analysieren, was funktioniert und wo sie verbessert werden muss.<\/div>\n<h3>Wie verwenden wir Cookies ?<\/h3>\n<div>Wie die meisten Online-Dienste verwendet unsere Website f\u00fcr verschiedene Zwecke Erstanbieter- und Drittanbieter-Cookies. First-Party-Cookies sind meistens notwendig, damit die Website richtig funktioniert, und sie sammeln keine Ihrer personenbezogenen Daten.Die auf unserer Website verwendeten Cookies von Drittanbietern dienen haupts\u00e4chlich dazu, zu verstehen, wie die Website funktioniert, wie Sie mit unserer Website interagieren, unsere Dienste sicher zu halten, f\u00fcr Sie relevante Werbung bereitzustellen und Ihnen insgesamt einen besseren und verbesserten Benutzer zu bieten Erfahrung und helfen, Ihre zuk\u00fcnftigen Interaktionen mit unserer Website zu beschleunigen.<\/div>\n<h3>Welche Arten von Cookies nutzen wir ?<\/h3>\n<div>Essentiell: Einige Cookies sind unerl\u00e4sslich, damit Sie die volle Funktionalit\u00e4t unserer Website nutzen k\u00f6nnen. Sie erm\u00f6glichen es uns, Benutzersitzungen aufrechtzuerhalten und Sicherheitsbedrohungen zu verhindern. Sie sammeln oder speichern keine pers\u00f6nlichen Informationen. Diese Cookies erm\u00f6glichen es Ihnen beispielsweise, sich bei Ihrem Konto anzumelden, Produkte in Ihren Warenkorb zu legen und sicher zur Kasse zu gehen.Statistik: Diese Cookies speichern Informationen wie die Anzahl der Besucher der Website, die Anzahl der eindeutigen Besucher, welche Seiten der Website besucht wurden, die Quelle des Besuchs usw. Diese Daten helfen uns zu verstehen und zu analysieren, wie gut die Website funktioniert und wo sie verbessert werden muss.Marketing: Unsere Website zeigt Werbung an. Diese Cookies werden verwendet, um die Werbung, die wir Ihnen zeigen, so zu personalisieren, dass sie f\u00fcr Sie aussagekr\u00e4ftig ist. Diese Cookies helfen uns auch dabei, die Effizienz dieser Werbekampagnen zu verfolgen.Die in diesen Cookies gespeicherten Informationen k\u00f6nnen auch von den Drittanbietern von Anzeigen verwendet werden, um Ihnen auch Anzeigen auf anderen Websites im Browser anzuzeigen. p&gt;Funktional: Dies sind die Cookies, die bestimmte nicht wesentliche Funktionen auf unserer Website unterst\u00fctzen. Diese Funktionalit\u00e4ten umfassen das Einbetten von Inhalten wie Videos oder das Teilen von Inhalten der Website auf Social-Media-Plattformen.Pr\u00e4ferenzen: Diese Cookies helfen uns, Ihre Einstellungen und Browsing-Pr\u00e4ferenzen wie Sprachpr\u00e4ferenzen zu speichern, damit Sie bei zuk\u00fcnftigen Besuchen der Website ein besseres und effizienteres Erlebnis haben.The In der folgenden Liste sind die auf unserer Website verwendeten Cookies aufgef\u00fchrt.<\/div>\n<h3>Wie kann ich die Cookie-Einstellungen \u00e4ndern?<\/h3>\n<div>Sollten Sie Ihre Einstellungen sp\u00e4ter w\u00e4hrend Ihrer Browsersitzung \u00e4ndern, k\u00f6nnen Sie auf Ihrem Bildschirm unten rechts auf den Button \u201eEinwilligung verwalten\u201c klicken. Dadurch wird der Zustimmungshinweis erneut angezeigt, sodass Sie Ihre Einstellungen \u00e4ndern oder Ihre Zustimmung vollst\u00e4ndig widerrufen k\u00f6nnen.Dar\u00fcber hinaus bieten verschiedene Browser unterschiedliche Methoden zum Blockieren und L\u00f6schen von Cookies, die von Websites verwendet werden. Sie k\u00f6nnen die Einstellungen Ihres Browsers \u00e4ndern, um Cookies zu blockieren\/l\u00f6schen. Um mehr dar\u00fcber zu erfahren, wie Sie Cookies verwalten und l\u00f6schen k\u00f6nnen, besuchen Sie wikipedia.org, www.allaboutcookies.org.<\/div>\n<\/div>","_et_gb_content_width":"1080","footnotes":""},"class_list":["post-2706","page","type-page","status-publish","hentry"],"yoast_head":"<!-- This site is optimized with the Yoast SEO plugin v27.4 - https:\/\/yoast.com\/product\/yoast-seo-wordpress\/ -->\n<title>Cookie Policy - Irene Godel | Die Stimme und vieles mehr<\/title>\n<meta name=\"robots\" content=\"index, follow, max-snippet:-1, max-image-preview:large, max-video-preview:-1\" \/>\n<link rel=\"canonical\" href=\"https:\/\/irenegodel.ch\/en\/cookie-richtlinie\/\" \/>\n<meta property=\"og:locale\" content=\"en_US\" \/>\n<meta property=\"og:type\" content=\"article\" \/>\n<meta property=\"og:title\" content=\"Cookie Policy - Irene Godel | Die Stimme und vieles mehr\" \/>\n<meta property=\"og:description\" content=\"About this Cookie Policy This Cookie Policy explains what cookies are and how we use them, the types of cookies we use, i.e. the information we collect using cookies and how that information is used, and how you can control cookie settings. For more information about how we use, store and protect your personal data, [&hellip;]\" \/>\n<meta property=\"og:url\" content=\"https:\/\/irenegodel.ch\/en\/cookie-richtlinie\/\" \/>\n<meta property=\"og:site_name\" content=\"Irene Godel | Die Stimme und vieles mehr\" \/>\n<meta property=\"article:modified_time\" content=\"2022-08-04T15:21:36+00:00\" \/>\n<meta name=\"twitter:card\" content=\"summary_large_image\" \/>\n<meta name=\"twitter:site\" content=\"@GodelIrene\" \/>\n<meta name=\"twitter:label1\" content=\"Est. reading time\" \/>\n\t<meta name=\"twitter:data1\" content=\"4 minutes\" \/>\n<script type=\"application\/ld+json\" class=\"yoast-schema-graph\">{\"@context\":\"https:\\\/\\\/schema.org\",\"@graph\":[{\"@type\":\"WebPage\",\"@id\":\"https:\\\/\\\/irenegodel.ch\\\/en\\\/cookie-richtlinie\\\/\",\"url\":\"https:\\\/\\\/irenegodel.ch\\\/en\\\/cookie-richtlinie\\\/\",\"name\":\"Cookie Policy - Irene Godel | Die Stimme und vieles mehr\",\"isPartOf\":{\"@id\":\"https:\\\/\\\/irenegodel.ch\\\/#website\"},\"datePublished\":\"2022-06-29T12:15:30+00:00\",\"dateModified\":\"2022-08-04T15:21:36+00:00\",\"breadcrumb\":{\"@id\":\"https:\\\/\\\/irenegodel.ch\\\/en\\\/cookie-richtlinie\\\/#breadcrumb\"},\"inLanguage\":\"en-US\",\"potentialAction\":[{\"@type\":\"ReadAction\",\"target\":[\"https:\\\/\\\/irenegodel.ch\\\/en\\\/cookie-richtlinie\\\/\"]}]},{\"@type\":\"BreadcrumbList\",\"@id\":\"https:\\\/\\\/irenegodel.ch\\\/en\\\/cookie-richtlinie\\\/#breadcrumb\",\"itemListElement\":[{\"@type\":\"ListItem\",\"position\":1,\"name\":\"Startseite\",\"item\":\"https:\\\/\\\/irenegodel.ch\\\/en\\\/\"},{\"@type\":\"ListItem\",\"position\":2,\"name\":\"Cookie Policy\"}]},{\"@type\":\"WebSite\",\"@id\":\"https:\\\/\\\/irenegodel.ch\\\/#website\",\"url\":\"https:\\\/\\\/irenegodel.ch\\\/\",\"name\":\"Irene Godel | Die Stimme und vieles mehr\",\"description\":\"Off Stimme, la Voix, the Voice, la Voce\",\"publisher\":{\"@id\":\"https:\\\/\\\/irenegodel.ch\\\/#organization\"},\"potentialAction\":[{\"@type\":\"SearchAction\",\"target\":{\"@type\":\"EntryPoint\",\"urlTemplate\":\"https:\\\/\\\/irenegodel.ch\\\/?s={search_term_string}\"},\"query-input\":{\"@type\":\"PropertyValueSpecification\",\"valueRequired\":true,\"valueName\":\"search_term_string\"}}],\"inLanguage\":\"en-US\"},{\"@type\":\"Organization\",\"@id\":\"https:\\\/\\\/irenegodel.ch\\\/#organization\",\"name\":\"Irene Godel\",\"url\":\"https:\\\/\\\/irenegodel.ch\\\/\",\"logo\":{\"@type\":\"ImageObject\",\"inLanguage\":\"en-US\",\"@id\":\"https:\\\/\\\/irenegodel.ch\\\/#\\\/schema\\\/logo\\\/image\\\/\",\"url\":\"https:\\\/\\\/irenegodel.ch\\\/wp-content\\\/uploads\\\/2021\\\/08\\\/Logo-Irene-godel-klein.jpg\",\"contentUrl\":\"https:\\\/\\\/irenegodel.ch\\\/wp-content\\\/uploads\\\/2021\\\/08\\\/Logo-Irene-godel-klein.jpg\",\"width\":100,\"height\":62,\"caption\":\"Irene Godel\"},\"image\":{\"@id\":\"https:\\\/\\\/irenegodel.ch\\\/#\\\/schema\\\/logo\\\/image\\\/\"},\"sameAs\":[\"https:\\\/\\\/x.com\\\/GodelIrene\",\"https:\\\/\\\/instagram.com\\\/irenegodel\",\"https:\\\/\\\/www.linkedin.com\\\/in\\\/irene-godel-9512b716\\\/\"]}]}<\/script>\n<!-- \/ Yoast SEO plugin. -->","yoast_head_json":{"title":"Cookie Policy - Irene Godel | Die Stimme und vieles mehr","robots":{"index":"index","follow":"follow","max-snippet":"max-snippet:-1","max-image-preview":"max-image-preview:large","max-video-preview":"max-video-preview:-1"},"canonical":"https:\/\/irenegodel.ch\/en\/cookie-richtlinie\/","og_locale":"en_US","og_type":"article","og_title":"Cookie Policy - Irene Godel | Die Stimme und vieles mehr","og_description":"About this Cookie Policy This Cookie Policy explains what cookies are and how we use them, the types of cookies we use, i.e. the information we collect using cookies and how that information is used, and how you can control cookie settings. For more information about how we use, store and protect your personal data, [&hellip;]","og_url":"https:\/\/irenegodel.ch\/en\/cookie-richtlinie\/","og_site_name":"Irene Godel | Die Stimme und vieles mehr","article_modified_time":"2022-08-04T15:21:36+00:00","twitter_card":"summary_large_image","twitter_site":"@GodelIrene","twitter_misc":{"Est. reading time":"4 minutes"},"schema":{"@context":"https:\/\/schema.org","@graph":[{"@type":"WebPage","@id":"https:\/\/irenegodel.ch\/en\/cookie-richtlinie\/","url":"https:\/\/irenegodel.ch\/en\/cookie-richtlinie\/","name":"Cookie Policy - Irene Godel | Die Stimme und vieles mehr","isPartOf":{"@id":"https:\/\/irenegodel.ch\/#website"},"datePublished":"2022-06-29T12:15:30+00:00","dateModified":"2022-08-04T15:21:36+00:00","breadcrumb":{"@id":"https:\/\/irenegodel.ch\/en\/cookie-richtlinie\/#breadcrumb"},"inLanguage":"en-US","potentialAction":[{"@type":"ReadAction","target":["https:\/\/irenegodel.ch\/en\/cookie-richtlinie\/"]}]},{"@type":"BreadcrumbList","@id":"https:\/\/irenegodel.ch\/en\/cookie-richtlinie\/#breadcrumb","itemListElement":[{"@type":"ListItem","position":1,"name":"Startseite","item":"https:\/\/irenegodel.ch\/en\/"},{"@type":"ListItem","position":2,"name":"Cookie Policy"}]},{"@type":"WebSite","@id":"https:\/\/irenegodel.ch\/#website","url":"https:\/\/irenegodel.ch\/","name":"Irene Godel | Die Stimme und vieles mehr","description":"Off Stimme, la Voix, the Voice, la Voce","publisher":{"@id":"https:\/\/irenegodel.ch\/#organization"},"potentialAction":[{"@type":"SearchAction","target":{"@type":"EntryPoint","urlTemplate":"https:\/\/irenegodel.ch\/?s={search_term_string}"},"query-input":{"@type":"PropertyValueSpecification","valueRequired":true,"valueName":"search_term_string"}}],"inLanguage":"en-US"},{"@type":"Organization","@id":"https:\/\/irenegodel.ch\/#organization","name":"Irene Godel","url":"https:\/\/irenegodel.ch\/","logo":{"@type":"ImageObject","inLanguage":"en-US","@id":"https:\/\/irenegodel.ch\/#\/schema\/logo\/image\/","url":"https:\/\/irenegodel.ch\/wp-content\/uploads\/2021\/08\/Logo-Irene-godel-klein.jpg","contentUrl":"https:\/\/irenegodel.ch\/wp-content\/uploads\/2021\/08\/Logo-Irene-godel-klein.jpg","width":100,"height":62,"caption":"Irene Godel"},"image":{"@id":"https:\/\/irenegodel.ch\/#\/schema\/logo\/image\/"},"sameAs":["https:\/\/x.com\/GodelIrene","https:\/\/instagram.com\/irenegodel","https:\/\/www.linkedin.com\/in\/irene-godel-9512b716\/"]}]}},"_links":{"self":[{"href":"https:\/\/irenegodel.ch\/en\/wp-json\/wp\/v2\/pages\/2706","targetHints":{"allow":["GET"]}}],"collection":[{"href":"https:\/\/irenegodel.ch\/en\/wp-json\/wp\/v2\/pages"}],"about":[{"href":"https:\/\/irenegodel.ch\/en\/wp-json\/wp\/v2\/types\/page"}],"author":[{"embeddable":true,"href":"https:\/\/irenegodel.ch\/en\/wp-json\/wp\/v2\/users\/1"}],"replies":[{"embeddable":true,"href":"https:\/\/irenegodel.ch\/en\/wp-json\/wp\/v2\/comments?post=2706"}],"version-history":[{"count":5,"href":"https:\/\/irenegodel.ch\/en\/wp-json\/wp\/v2\/pages\/2706\/revisions"}],"predecessor-version":[{"id":2721,"href":"https:\/\/irenegodel.ch\/en\/wp-json\/wp\/v2\/pages\/2706\/revisions\/2721"}],"wp:attachment":[{"href":"https:\/\/irenegodel.ch\/en\/wp-json\/wp\/v2\/media?parent=2706"}],"curies":[{"name":"wp","href":"https:\/\/api.w.org\/{rel}","templated":true}]}}